{"id":1011,"date":"2025-05-06T13:52:46","date_gmt":"2025-05-06T17:52:46","guid":{"rendered":"https:\/\/creceelnegocio.com\/?page_id=1011"},"modified":"2025-05-06T14:04:37","modified_gmt":"2025-05-06T18:04:37","slug":"evalua-tu-negocio","status":"publish","type":"page","link":"https:\/\/www.creceelnegocio.com\/en\/evalua-tu-negocio\/","title":{"rendered":"Evaluate your business"},"content":{"rendered":"<div id=\"thetool\" class=\"wp-block-group is-layout-constrained wp-block-group-is-layout-constrained\" style=\"border-style:none;border-width:0px\">\n<h3 class=\"wp-block-heading has-text-align-center has-background-color has-custom-logo-azul-background-color has-text-color has-background\" id=\"evaNego\">\u00bfTienes un negocio actualmente o est\u00e1s a punto de iniciar uno? <\/h3>\n\n\n\n<h4 class=\"wp-block-heading has-text-align-center has-background-color has-custom-logo-verde-claro-background-color has-text-color has-background\">\u00bfQuieres saber en unos minutos que tan s\u00f3lido est\u00e1 en comparaci\u00f3n con otros negocios?<\/h4>\n\n\n\n<p style=\"padding-top:var(--wp--preset--spacing--20);padding-right:var(--wp--preset--spacing--20);padding-bottom:var(--wp--preset--spacing--20);padding-left:var(--wp--preset--spacing--20);font-size:19px\"><strong><em>Analiza tu empresa con la herramienta MarketMeter2.0. <\/em><\/strong><\/p>\n\n\n\n<p style=\"padding-top:var(--wp--preset--spacing--20);padding-right:var(--wp--preset--spacing--20);padding-bottom:var(--wp--preset--spacing--20);padding-left:var(--wp--preset--spacing--20)\">Con la ayuda de cientos de emprendedores desarrollamos MarketMeter2.0 que te ayudar\u00e1 a determinar \u00e1reas que puedes mejorar hoy en tu empresa para ayudarla a crecer. <strong>Este es nuestro regalo para ti<\/strong> por dar el paso hacia el emprendimiento.<\/p>\n\n\n\n<div class=\"wp-block-columns is-layout-flex wp-container-core-columns-is-layout-28f84493 wp-block-columns-is-layout-flex\">\n<div class=\"wp-block-column is-layout-flow wp-block-column-is-layout-flow\">\n<div class=\"wp-block-buttons is-layout-flex wp-block-buttons-is-layout-flex\">\n<div class=\"wp-block-button has-custom-width wp-block-button__width-100\"><a class=\"wp-block-button__link wp-element-button\" href=\"https:\/\/www.creceelnegocio.com\/en\/marketmeter2-0\/#mm2\" target=\"_blank\" rel=\"noreferrer noopener\">Eval\u00faa tu empresa ahora: MarketMeter2.0<\/a><\/div>\n<\/div>\n<\/div>\n<\/div>\n\n\n\n<p style=\"padding-top:var(--wp--preset--spacing--20);padding-right:var(--wp--preset--spacing--20);padding-bottom:var(--wp--preset--spacing--20);padding-left:var(--wp--preset--spacing--20)\"><\/p>\n<\/div>\n\n\n\n<p><\/p>","protected":false},"excerpt":{"rendered":"<p>\u00bfTienes un negocio actualmente o est\u00e1s a punto de iniciar uno? \u00bfQuieres saber en unos [&hellip;]<\/p>\n","protected":false},"author":1,"featured_media":0,"parent":0,"menu_order":0,"comment_status":"closed","ping_status":"closed","template":"","meta":{"om_disable_all_campaigns":false,"footnotes":""},"class_list":["post-1011","page","type-page","status-publish","hentry"],"yoast_head":"<!-- This site is optimized with the Yoast SEO plugin v27.4 - https:\/\/yoast.com\/product\/yoast-seo-wordpress\/ -->\n<title>Eval\u00faa tu negocio - CreceElnegocio.com<\/title>\n<meta name=\"robots\" content=\"index, follow, max-snippet:-1, max-image-preview:large, max-video-preview:-1\" \/>\n<link rel=\"canonical\" href=\"https:\/\/www.creceelnegocio.com\/en\/evalua-tu-negocio\/\" \/>\n<meta property=\"og:locale\" content=\"en_US\" \/>\n<meta property=\"og:type\" content=\"article\" \/>\n<meta property=\"og:title\" content=\"Eval\u00faa tu negocio - CreceElnegocio.com\" \/>\n<meta property=\"og:description\" content=\"\u00bfTienes un negocio actualmente o est\u00e1s a punto de iniciar uno? \u00bfQuieres saber en unos [&hellip;]\" \/>\n<meta property=\"og:url\" content=\"https:\/\/www.creceelnegocio.com\/en\/evalua-tu-negocio\/\" \/>\n<meta property=\"og:site_name\" content=\"CreceElnegocio.com\" \/>\n<meta property=\"article:publisher\" content=\"https:\/\/www.facebook.com\/coachjenkos\/\" \/>\n<meta property=\"article:modified_time\" content=\"2025-05-06T18:04:37+00:00\" \/>\n<meta name=\"twitter:card\" content=\"summary_large_image\" \/>\n<meta name=\"twitter:site\" content=\"@coachjenkos\" \/>\n<meta name=\"twitter:label1\" content=\"Est. reading time\" \/>\n\t<meta name=\"twitter:data1\" content=\"1 minute\" \/>\n<script type=\"application\/ld+json\" class=\"yoast-schema-graph\">{\"@context\":\"https:\\\/\\\/schema.org\",\"@graph\":[{\"@type\":\"WebPage\",\"@id\":\"https:\\\/\\\/www.creceelnegocio.com\\\/evalua-tu-negocio\\\/\",\"url\":\"https:\\\/\\\/www.creceelnegocio.com\\\/evalua-tu-negocio\\\/\",\"name\":\"Eval\u00faa tu negocio - CreceElnegocio.com\",\"isPartOf\":{\"@id\":\"https:\\\/\\\/www.creceelnegocio.com\\\/#website\"},\"datePublished\":\"2025-05-06T17:52:46+00:00\",\"dateModified\":\"2025-05-06T18:04:37+00:00\",\"breadcrumb\":{\"@id\":\"https:\\\/\\\/www.creceelnegocio.com\\\/evalua-tu-negocio\\\/#breadcrumb\"},\"inLanguage\":\"en-US\",\"potentialAction\":[{\"@type\":\"ReadAction\",\"target\":[\"https:\\\/\\\/www.creceelnegocio.com\\\/evalua-tu-negocio\\\/\"]}]},{\"@type\":\"BreadcrumbList\",\"@id\":\"https:\\\/\\\/www.creceelnegocio.com\\\/evalua-tu-negocio\\\/#breadcrumb\",\"itemListElement\":[{\"@type\":\"ListItem\",\"position\":1,\"name\":\"Home\",\"item\":\"https:\\\/\\\/www.creceelnegocio.com\\\/\"},{\"@type\":\"ListItem\",\"position\":2,\"name\":\"Eval\u00faa tu negocio\"}]},{\"@type\":\"WebSite\",\"@id\":\"https:\\\/\\\/www.creceelnegocio.com\\\/#website\",\"url\":\"https:\\\/\\\/www.creceelnegocio.com\\\/\",\"name\":\"CreceElnegocio.com\",\"description\":\"Trabaja para que tu negocio trabaje para ti y no al rev\u00e9s.\",\"potentialAction\":[{\"@type\":\"SearchAction\",\"target\":{\"@type\":\"EntryPoint\",\"urlTemplate\":\"https:\\\/\\\/www.creceelnegocio.com\\\/?s={search_term_string}\"},\"query-input\":{\"@type\":\"PropertyValueSpecification\",\"valueRequired\":true,\"valueName\":\"search_term_string\"}}],\"inLanguage\":\"en-US\"}]}<\/script>\n<!-- \/ Yoast SEO plugin. -->","yoast_head_json":{"title":"Eval\u00faa tu negocio - CreceElnegocio.com","robots":{"index":"index","follow":"follow","max-snippet":"max-snippet:-1","max-image-preview":"max-image-preview:large","max-video-preview":"max-video-preview:-1"},"canonical":"https:\/\/www.creceelnegocio.com\/en\/evalua-tu-negocio\/","og_locale":"en_US","og_type":"article","og_title":"Eval\u00faa tu negocio - CreceElnegocio.com","og_description":"\u00bfTienes un negocio actualmente o est\u00e1s a punto de iniciar uno? \u00bfQuieres saber en unos [&hellip;]","og_url":"https:\/\/www.creceelnegocio.com\/en\/evalua-tu-negocio\/","og_site_name":"CreceElnegocio.com","article_publisher":"https:\/\/www.facebook.com\/coachjenkos\/","article_modified_time":"2025-05-06T18:04:37+00:00","twitter_card":"summary_large_image","twitter_site":"@coachjenkos","twitter_misc":{"Est. reading time":"1 minute"},"schema":{"@context":"https:\/\/schema.org","@graph":[{"@type":"WebPage","@id":"https:\/\/www.creceelnegocio.com\/evalua-tu-negocio\/","url":"https:\/\/www.creceelnegocio.com\/evalua-tu-negocio\/","name":"Eval\u00faa tu negocio - CreceElnegocio.com","isPartOf":{"@id":"https:\/\/www.creceelnegocio.com\/#website"},"datePublished":"2025-05-06T17:52:46+00:00","dateModified":"2025-05-06T18:04:37+00:00","breadcrumb":{"@id":"https:\/\/www.creceelnegocio.com\/evalua-tu-negocio\/#breadcrumb"},"inLanguage":"en-US","potentialAction":[{"@type":"ReadAction","target":["https:\/\/www.creceelnegocio.com\/evalua-tu-negocio\/"]}]},{"@type":"BreadcrumbList","@id":"https:\/\/www.creceelnegocio.com\/evalua-tu-negocio\/#breadcrumb","itemListElement":[{"@type":"ListItem","position":1,"name":"Home","item":"https:\/\/www.creceelnegocio.com\/"},{"@type":"ListItem","position":2,"name":"Eval\u00faa tu negocio"}]},{"@type":"WebSite","@id":"https:\/\/www.creceelnegocio.com\/#website","url":"https:\/\/www.creceelnegocio.com\/","name":"CreceElnegocio.com","description":"Trabaja para que tu negocio trabaje para ti y no al rev\u00e9s.","potentialAction":[{"@type":"SearchAction","target":{"@type":"EntryPoint","urlTemplate":"https:\/\/www.creceelnegocio.com\/?s={search_term_string}"},"query-input":{"@type":"PropertyValueSpecification","valueRequired":true,"valueName":"search_term_string"}}],"inLanguage":"en-US"}]}},"jetpack-related-posts":[],"_links":{"self":[{"href":"https:\/\/www.creceelnegocio.com\/en\/wp-json\/wp\/v2\/pages\/1011","targetHints":{"allow":["GET"]}}],"collection":[{"href":"https:\/\/www.creceelnegocio.com\/en\/wp-json\/wp\/v2\/pages"}],"about":[{"href":"https:\/\/www.creceelnegocio.com\/en\/wp-json\/wp\/v2\/types\/page"}],"author":[{"embeddable":true,"href":"https:\/\/www.creceelnegocio.com\/en\/wp-json\/wp\/v2\/users\/1"}],"replies":[{"embeddable":true,"href":"https:\/\/www.creceelnegocio.com\/en\/wp-json\/wp\/v2\/comments?post=1011"}],"version-history":[{"count":3,"href":"https:\/\/www.creceelnegocio.com\/en\/wp-json\/wp\/v2\/pages\/1011\/revisions"}],"predecessor-version":[{"id":1024,"href":"https:\/\/www.creceelnegocio.com\/en\/wp-json\/wp\/v2\/pages\/1011\/revisions\/1024"}],"wp:attachment":[{"href":"https:\/\/www.creceelnegocio.com\/en\/wp-json\/wp\/v2\/media?parent=1011"}],"curies":[{"name":"wp","href":"https:\/\/api.w.org\/{rel}","templated":true}]}}