{"id":710,"date":"2023-06-17T01:00:15","date_gmt":"2023-06-17T05:00:15","guid":{"rendered":"http:\/\/creceelnegocio.com\/?page_id=710"},"modified":"2025-05-06T15:48:40","modified_gmt":"2025-05-06T19:48:40","slug":"evaluacion-de-tu-pagina-web","status":"publish","type":"page","link":"https:\/\/www.creceelnegocio.com\/en\/evaluacion-de-tu-pagina-web\/","title":{"rendered":"Evaluaci\u00f3n de tu p\u00e1gina web"},"content":{"rendered":"<form method=\"post\" class=\"wp-block-gutena-forms gutena-forms-contact-form gutena_forms_ID_f44eb89e6e8_3042023161944 input-box-border-bottom-only after_submit_message is-layout-flow wp-container-gutena-forms-is-layout-00b5b574 wp-block-gutena-forms-is-layout-flow\" style=\"padding-top:2rem;padding-bottom:5rem\" action=\"\"><input type=\"hidden\" name=\"formid\" value=\"gutena_forms_ID_f44eb89e6e8_3042023161944\"\/>\n<div class=\"wp-block-gutena-field-group  field-group-type-text is-layout-flow wp-block-gutena-field-group-is-layout-flow\">\n<div class=\"wp-block-group is-vertical is-layout-flex wp-container-core-group-is-layout-501cef26 wp-block-group-is-layout-flex\">\n<h3 class=\"wp-block-heading heading-input-label-gutena\" id=\"evalWeb\"><strong>Nombre Completo<\/strong><\/h3>\n\n\n<div class=\"gutena-forms-text-field field-name-full_name  wp-block-gutena-form-field\"><input\n\t\t\t\tid=\"full_name\"\n\t\t\t\t name=\"full_name\" type=\"text\" class=\"gutena-forms-field text-field required-field\" placeholder=\"Ingrese su nombre completo\"  required\n\t\t\t\t\t\t\/><\/div><\/div>\n\n\n\n<p class=\"gutena-forms-field-error-msg\"><\/p>\n<\/div>\n\n\n\n<div class=\"wp-block-gutena-field-group  field-group-type-text is-layout-flow wp-block-gutena-field-group-is-layout-flow\">\n<div class=\"wp-block-group is-vertical is-layout-flex wp-container-core-group-is-layout-501cef26 wp-block-group-is-layout-flex\">\n<h3 class=\"wp-block-heading heading-input-label-gutena\"><strong>Tel\u00e9fono de Contacto<\/strong><\/h3>\n\n\n<div class=\"gutena-forms-text-field field-name-phone  wp-block-gutena-form-field\"><input\n\t\t\t\tid=\"phone\"\n\t\t\t\t name=\"phone\" type=\"text\" class=\"gutena-forms-field text-field required-field\" placeholder=\"Ingrese el telef\u00f3no incluyendo el c\u00f3digo de \u00e1rea\"  required\n\t\t\t\t\t\t\/><\/div><\/div>\n\n\n\n<p class=\"gutena-forms-field-error-msg\"><\/p>\n<\/div>\n\n\n\n<div class=\"wp-block-gutena-field-group  field-group-type-email is-layout-flow wp-block-gutena-field-group-is-layout-flow\">\n<div class=\"wp-block-group is-vertical is-layout-flex wp-container-core-group-is-layout-501cef26 wp-block-group-is-layout-flex\">\n<h3 class=\"wp-block-heading heading-input-label-gutena\"><strong>Email<\/strong><\/h3>\n\n\n<div class=\"gutena-forms-email-field field-name-email  wp-block-gutena-form-field\"><input\n\t\t\t\tid=\"email\"\n\t\t\t\t name=\"email\" type=\"email\" class=\"gutena-forms-field email-field required-field\" placeholder=\"ejemplo@tuemail.com\"  required\n\t\t\t\t\t\t\/><\/div><\/div>\n\n\n\n<p class=\"gutena-forms-field-error-msg\"><\/p>\n<\/div>\n\n\n\n<div class=\"wp-block-gutena-field-group  field-group-type-textarea is-layout-flow wp-block-gutena-field-group-is-layout-flow\">\n<div class=\"wp-block-group is-vertical is-layout-flex wp-container-core-group-is-layout-501cef26 wp-block-group-is-layout-flex\">\n<h3 class=\"wp-block-heading heading-input-label-gutena\"><strong>Direcci\u00f3n de tu p\u00e1gina web (URL) o descripci\u00f3n de tu idea:<\/strong><\/h3>\n\n\n<div class=\"gutena-forms-textarea-field field-name-url  wp-block-gutena-form-field\"><textarea\n\t\t\t\tid=\"url\"\n\t\t\t\t name=\"url\" rows=\"2\" class=\"gutena-forms-field textarea-field required-field\" placeholder=\"URL o descripci\u00f3n de tu idea actual\"  required\n\t\t\t\t><\/textarea><\/div><\/div>\n\n\n\n<p class=\"gutena-forms-field-error-msg\"><\/p>\n<\/div>\n\n\n\n<div class=\"wp-block-gutena-field-group  field-group-type-select field-group-type-checkbox is-layout-flow wp-block-gutena-field-group-is-layout-flow\">\n<div class=\"wp-block-group is-vertical is-layout-flex wp-container-core-group-is-layout-501cef26 wp-block-group-is-layout-flex\">\n<h3 class=\"wp-block-heading heading-input-label-gutena\"><strong>M\u00e9todo preferido de contacto inicial<\/strong><\/h3>\n\n\n<div class=\"gutena-forms-checkbox-field field-name-contacto  wp-block-gutena-form-field\"><div\n\t\t\t\t class=\"gutena-forms-field checkbox-field required-field   has-1-col\"\n\t\t\t\t><label class=\"checkbox-container\">Email\n\t\t\t\t\t\t<input type=\"checkbox\" name=\"contacto[]\" value=\"Email\" >\n\t\t\t\t\t\t<span class=\"checkmark\"><\/span>\n\t\t\t\t\t  <\/label><label class=\"checkbox-container\">Tel\u00e9fono\n\t\t\t\t\t\t<input type=\"checkbox\" name=\"contacto[]\" value=\"Tel\u00e9fono\" >\n\t\t\t\t\t\t<span class=\"checkmark\"><\/span>\n\t\t\t\t\t  <\/label><\/div><\/div><\/div>\n\n\n\n<p class=\"gutena-forms-field-error-msg\"><\/p>\n<\/div>\n\n\n\n<div class=\"wp-block-buttons gutena-forms-submit-buttons is-layout-flex wp-block-buttons-is-layout-flex\">\n<div class=\"wp-block-button gutena-forms-submit-button\"><button class=\"wp-block-button__link wp-element-button\">Solicitar mi evaluaci\u00f3n<\/button><\/div>\n<\/div>\n\n\n\n<div class=\"wp-block-gutena-form-confirm-msg is-layout-flow wp-block-gutena-form-confirm-msg-is-layout-flow\">\n<div class=\"wp-block-group has-background is-content-justification-left is-nowrap is-layout-flex wp-container-core-group-is-layout-385d3396 wp-block-group-is-layout-flex\" style=\"border-radius:5px;background-color:#d8eacc;padding-top:12px;padding-right:12px;padding-bottom:12px;padding-left:12px\">\n<figure class=\"wp-block-image size-large form-message-icon\"><img decoding=\"async\" src=\"data:image\/svg+xml;base64,PHN2ZyB3aWR0aD0iMTYiIGhlaWdodD0iMTYiIHZpZXdCb3g9IjAgMCAxNiAxNiIgZmlsbD0ibm9uZSIgeG1sbnM9Imh0dHA6Ly93d3cudzMub3JnLzIwMDAvc3ZnIj4KPHBhdGggZD0iTTggMTZDMy41ODE2IDE2IDAgMTIuNDE4NCAwIDhDMCAzLjU4MTYgMy41ODE2IDAgOCAwQzEyLjQxODQgMCAxNiAzLjU4MTYgMTYgOEMxNiAxMi40MTg0IDEyLjQxODQgMTYgOCAxNlpNOCAxNC40QzkuNjk3MzkgMTQuNCAxMS4zMjUzIDEzLjcyNTcgMTIuNTI1NSAxMi41MjU1QzEzLjcyNTcgMTEuMzI1MyAxNC40IDkuNjk3MzkgMTQuNCA4QzE0LjQgNi4zMDI2MSAxMy43MjU3IDQuNjc0NzUgMTIuNTI1NSAzLjQ3NDUyQzExLjMyNTMgMi4yNzQyOCA5LjY5NzM5IDEuNiA4IDEuNkM2LjMwMjYxIDEuNiA0LjY3NDc1IDIuMjc0MjggMy40NzQ1MiAzLjQ3NDUyQzIuMjc0MjggNC42NzQ3NSAxLjYgNi4zMDI2MSAxLjYgOEMxLjYgOS42OTczOSAyLjI3NDI4IDExLjMyNTMgMy40NzQ1MiAxMi41MjU1QzQuNjc0NzUgMTMuNzI1NyA2LjMwMjYxIDE0LjQgOCAxNC40Wk03LjIwMjQgMTEuMkwzLjgwOCA3LjgwNTZMNC45MzkyIDYuNjc0NEw3LjIwMjQgOC45Mzc2TDExLjcyNzIgNC40MTJMMTIuODU5MiA1LjU0MzJMNy4yMDI0IDExLjJaIiBmaWxsPSIjNDY4NDFFIi8+Cjwvc3ZnPgo=\" alt=\"Success\" class=\"wp-image-3811\"\/><\/figure>\n\n\n\n<p class=\"has-black-color has-text-color has-tiny-font-size\" style=\"font-size:12px;font-style:normal;font-weight:500;line-height:1.2\">Recibimos tu solicitud, te estaremos contactando en o antes de 48 horas. Para situaciones de emergencia comun\u00edcate al 1-(855)-705-2481 o (939)845-6001<\/p>\n<\/div>\n<\/div>\n\n\n\n<div class=\"wp-block-gutena-form-error-msg is-layout-flow wp-block-gutena-form-error-msg-is-layout-flow\">\n<div class=\"wp-block-group has-background is-content-justification-left is-nowrap is-layout-flex wp-container-core-group-is-layout-385d3396 wp-block-group-is-layout-flex\" style=\"border-radius:5px;background-color:#ffd3d3;padding-top:12px;padding-right:12px;padding-bottom:12px;padding-left:12px\">\n<figure class=\"wp-block-image size-large form-message-icon\"><img decoding=\"async\" src=\"data:image\/svg+xml;base64,PHN2ZyB3aWR0aD0iMTYiIGhlaWdodD0iMTYiIHZpZXdCb3g9IjAgMCAxNiAxNiIgZmlsbD0ibm9uZSIgeG1sbnM9Imh0dHA6Ly93d3cudzMub3JnLzIwMDAvc3ZnIj4KPHBhdGggZD0iTTggMTZDMy41ODE2IDE2IDAgMTIuNDE4NCAwIDhDMCAzLjU4MTYgMy41ODE2IDAgOCAwQzEyLjQxODQgMCAxNiAzLjU4MTYgMTYgOEMxNiAxMi40MTg0IDEyLjQxODQgMTYgOCAxNlpNOCAxNC40QzkuNjk3MzkgMTQuNCAxMS4zMjUzIDEzLjcyNTcgMTIuNTI1NSAxMi41MjU1QzEzLjcyNTcgMTEuMzI1MyAxNC40IDkuNjk3MzkgMTQuNCA4QzE0LjQgNi4zMDI2MSAxMy43MjU3IDQuNjc0NzUgMTIuNTI1NSAzLjQ3NDUyQzExLjMyNTMgMi4yNzQyOCA5LjY5NzM5IDEuNiA4IDEuNkM2LjMwMjYxIDEuNiA0LjY3NDc1IDIuMjc0MjggMy40NzQ1MiAzLjQ3NDUyQzIuMjc0MjggNC42NzQ3NSAxLjYgNi4zMDI2MSAxLjYgOEMxLjYgOS42OTczOSAyLjI3NDI4IDExLjMyNTMgMy40NzQ1MiAxMi41MjU1QzQuNjc0NzUgMTMuNzI1NyA2LjMwMjYxIDE0LjQgOCAxNC40Wk03LjIgMTAuNEg4LjhWMTJINy4yVjEwLjRaTTcuMiA0SDguOFY4LjhINy4yVjRaIiBmaWxsPSIjQzUxOTE5Ii8+Cjwvc3ZnPgo=\" alt=\"Error\" class=\"wp-image-3811\"\/><\/figure>\n\n\n\n<p class=\"gutena-forms-error-text has-black-color has-text-color\" style=\"font-size:12px;font-style:normal;font-weight:500;line-height:1.2\">Verifica la informaci\u00f3n provista, todos los campos son requeridos.<\/p>\n<\/div>\n<\/div>\n<input type=\"hidden\" name=\"trp-form-language\" value=\"en\"\/><\/form>\n\n\n\n<p><\/p>","protected":false},"excerpt":{"rendered":"","protected":false},"author":1,"featured_media":0,"parent":0,"menu_order":0,"comment_status":"closed","ping_status":"closed","template":"","meta":{"om_disable_all_campaigns":false,"footnotes":""},"class_list":["post-710","page","type-page","status-publish","hentry"],"yoast_head":"<!-- This site is optimized with the Yoast SEO plugin v27.4 - https:\/\/yoast.com\/product\/yoast-seo-wordpress\/ -->\n<title>Evaluaci\u00f3n de tu p\u00e1gina web - CreceElnegocio.com<\/title>\n<meta name=\"robots\" content=\"index, follow, max-snippet:-1, max-image-preview:large, max-video-preview:-1\" \/>\n<link rel=\"canonical\" href=\"https:\/\/www.creceelnegocio.com\/en\/evaluacion-de-tu-pagina-web\/\" \/>\n<meta property=\"og:locale\" content=\"en_US\" \/>\n<meta property=\"og:type\" content=\"article\" \/>\n<meta property=\"og:title\" content=\"Evaluaci\u00f3n de tu p\u00e1gina web - CreceElnegocio.com\" \/>\n<meta property=\"og:url\" content=\"https:\/\/www.creceelnegocio.com\/en\/evaluacion-de-tu-pagina-web\/\" \/>\n<meta property=\"og:site_name\" content=\"CreceElnegocio.com\" \/>\n<meta property=\"article:publisher\" content=\"https:\/\/www.facebook.com\/coachjenkos\/\" \/>\n<meta property=\"article:modified_time\" content=\"2025-05-06T19:48:40+00:00\" \/>\n<meta name=\"twitter:card\" content=\"summary_large_image\" \/>\n<meta name=\"twitter:site\" content=\"@coachjenkos\" \/>\n<meta name=\"twitter:label1\" content=\"Est. reading time\" \/>\n\t<meta name=\"twitter:data1\" content=\"1 minute\" \/>\n<script type=\"application\/ld+json\" class=\"yoast-schema-graph\">{\"@context\":\"https:\\\/\\\/schema.org\",\"@graph\":[{\"@type\":\"WebPage\",\"@id\":\"https:\\\/\\\/www.creceelnegocio.com\\\/evaluacion-de-tu-pagina-web\\\/\",\"url\":\"https:\\\/\\\/www.creceelnegocio.com\\\/evaluacion-de-tu-pagina-web\\\/\",\"name\":\"Evaluaci\u00f3n de tu p\u00e1gina web - CreceElnegocio.com\",\"isPartOf\":{\"@id\":\"https:\\\/\\\/www.creceelnegocio.com\\\/#website\"},\"datePublished\":\"2023-06-17T05:00:15+00:00\",\"dateModified\":\"2025-05-06T19:48:40+00:00\",\"breadcrumb\":{\"@id\":\"https:\\\/\\\/www.creceelnegocio.com\\\/evaluacion-de-tu-pagina-web\\\/#breadcrumb\"},\"inLanguage\":\"en-US\",\"potentialAction\":[{\"@type\":\"ReadAction\",\"target\":[\"https:\\\/\\\/www.creceelnegocio.com\\\/evaluacion-de-tu-pagina-web\\\/\"]}]},{\"@type\":\"BreadcrumbList\",\"@id\":\"https:\\\/\\\/www.creceelnegocio.com\\\/evaluacion-de-tu-pagina-web\\\/#breadcrumb\",\"itemListElement\":[{\"@type\":\"ListItem\",\"position\":1,\"name\":\"Home\",\"item\":\"https:\\\/\\\/www.creceelnegocio.com\\\/\"},{\"@type\":\"ListItem\",\"position\":2,\"name\":\"Evaluaci\u00f3n de tu p\u00e1gina web\"}]},{\"@type\":\"WebSite\",\"@id\":\"https:\\\/\\\/www.creceelnegocio.com\\\/#website\",\"url\":\"https:\\\/\\\/www.creceelnegocio.com\\\/\",\"name\":\"CreceElnegocio.com\",\"description\":\"Trabaja para que tu negocio trabaje para ti y no al rev\u00e9s.\",\"potentialAction\":[{\"@type\":\"SearchAction\",\"target\":{\"@type\":\"EntryPoint\",\"urlTemplate\":\"https:\\\/\\\/www.creceelnegocio.com\\\/?s={search_term_string}\"},\"query-input\":{\"@type\":\"PropertyValueSpecification\",\"valueRequired\":true,\"valueName\":\"search_term_string\"}}],\"inLanguage\":\"en-US\"}]}<\/script>\n<!-- \/ Yoast SEO plugin. -->","yoast_head_json":{"title":"Evaluaci\u00f3n de tu p\u00e1gina web - CreceElnegocio.com","robots":{"index":"index","follow":"follow","max-snippet":"max-snippet:-1","max-image-preview":"max-image-preview:large","max-video-preview":"max-video-preview:-1"},"canonical":"https:\/\/www.creceelnegocio.com\/en\/evaluacion-de-tu-pagina-web\/","og_locale":"en_US","og_type":"article","og_title":"Evaluaci\u00f3n de tu p\u00e1gina web - CreceElnegocio.com","og_url":"https:\/\/www.creceelnegocio.com\/en\/evaluacion-de-tu-pagina-web\/","og_site_name":"CreceElnegocio.com","article_publisher":"https:\/\/www.facebook.com\/coachjenkos\/","article_modified_time":"2025-05-06T19:48:40+00:00","twitter_card":"summary_large_image","twitter_site":"@coachjenkos","twitter_misc":{"Est. reading time":"1 minute"},"schema":{"@context":"https:\/\/schema.org","@graph":[{"@type":"WebPage","@id":"https:\/\/www.creceelnegocio.com\/evaluacion-de-tu-pagina-web\/","url":"https:\/\/www.creceelnegocio.com\/evaluacion-de-tu-pagina-web\/","name":"Evaluaci\u00f3n de tu p\u00e1gina web - CreceElnegocio.com","isPartOf":{"@id":"https:\/\/www.creceelnegocio.com\/#website"},"datePublished":"2023-06-17T05:00:15+00:00","dateModified":"2025-05-06T19:48:40+00:00","breadcrumb":{"@id":"https:\/\/www.creceelnegocio.com\/evaluacion-de-tu-pagina-web\/#breadcrumb"},"inLanguage":"en-US","potentialAction":[{"@type":"ReadAction","target":["https:\/\/www.creceelnegocio.com\/evaluacion-de-tu-pagina-web\/"]}]},{"@type":"BreadcrumbList","@id":"https:\/\/www.creceelnegocio.com\/evaluacion-de-tu-pagina-web\/#breadcrumb","itemListElement":[{"@type":"ListItem","position":1,"name":"Home","item":"https:\/\/www.creceelnegocio.com\/"},{"@type":"ListItem","position":2,"name":"Evaluaci\u00f3n de tu p\u00e1gina web"}]},{"@type":"WebSite","@id":"https:\/\/www.creceelnegocio.com\/#website","url":"https:\/\/www.creceelnegocio.com\/","name":"CreceElnegocio.com","description":"Trabaja para que tu negocio trabaje para ti y no al rev\u00e9s.","potentialAction":[{"@type":"SearchAction","target":{"@type":"EntryPoint","urlTemplate":"https:\/\/www.creceelnegocio.com\/?s={search_term_string}"},"query-input":{"@type":"PropertyValueSpecification","valueRequired":true,"valueName":"search_term_string"}}],"inLanguage":"en-US"}]}},"jetpack-related-posts":[],"_links":{"self":[{"href":"https:\/\/www.creceelnegocio.com\/en\/wp-json\/wp\/v2\/pages\/710","targetHints":{"allow":["GET"]}}],"collection":[{"href":"https:\/\/www.creceelnegocio.com\/en\/wp-json\/wp\/v2\/pages"}],"about":[{"href":"https:\/\/www.creceelnegocio.com\/en\/wp-json\/wp\/v2\/types\/page"}],"author":[{"embeddable":true,"href":"https:\/\/www.creceelnegocio.com\/en\/wp-json\/wp\/v2\/users\/1"}],"replies":[{"embeddable":true,"href":"https:\/\/www.creceelnegocio.com\/en\/wp-json\/wp\/v2\/comments?post=710"}],"version-history":[{"count":6,"href":"https:\/\/www.creceelnegocio.com\/en\/wp-json\/wp\/v2\/pages\/710\/revisions"}],"predecessor-version":[{"id":1046,"href":"https:\/\/www.creceelnegocio.com\/en\/wp-json\/wp\/v2\/pages\/710\/revisions\/1046"}],"wp:attachment":[{"href":"https:\/\/www.creceelnegocio.com\/en\/wp-json\/wp\/v2\/media?parent=710"}],"curies":[{"name":"wp","href":"https:\/\/api.w.org\/{rel}","templated":true}]}}