{"id":835,"date":"2023-08-31T15:18:35","date_gmt":"2023-08-31T19:18:35","guid":{"rendered":"http:\/\/creceelnegocio.com\/?page_id=835"},"modified":"2023-09-07T07:48:52","modified_gmt":"2023-09-07T11:48:52","slug":"incubator-onesellweb","status":"publish","type":"page","link":"https:\/\/www.creceelnegocio.com\/en\/incubator-onesellweb\/","title":{"rendered":"Incubator OneSellWeb"},"content":{"rendered":"<h2 class=\"wp-block-heading\" id=\"start\" style=\"padding-right:var(--wp--preset--spacing--20);padding-left:var(--wp--preset--spacing--20)\">Si est\u00e1s iniciando un negocio y el costo de una p\u00e1gina web te est\u00e1 impidiendo tener una, el programa <em>Incubator OneSellWeb<\/em> es para ti.<\/h2>\n\n\n\n<p><\/p>\n\n\n\n<figure class=\"wp-block-image size-full\"><img data-recalc-dims=\"1\" decoding=\"async\" src=\"https:\/\/i0.wp.com\/creceelnegocio.com\/wp-content\/uploads\/2023\/08\/pexels-pixabay-39284.jpg\" alt=\"\" class=\"wp-image-837\"\/><\/figure>\n\n\n\n<p class=\"has-normal-font-size\" style=\"padding-right:var(--wp--preset--spacing--20);padding-left:var(--wp--preset--spacing--20)\">La mejor M\u00e1quina de Ventas en el Internet, para que inicies tu negocio o la traves\u00eda de llevar tu negocio actual a la Internet.<\/p>\n\n\n\n<p class=\"has-normal-font-size\" style=\"padding-right:var(--wp--preset--spacing--20);padding-left:var(--wp--preset--spacing--20)\"><strong>Bajo este programa te ayudaremos a crear y registrar todo lo necesario para que puedas tener tu p\u00e1gina web<\/strong> y puedas llegar a una audiencia m\u00e1s amplia, generar leads y ofrecer tu producto m\u00e1s popular de la manera m\u00e1s efectiva, las 24 horas del d\u00eda y los 365 d\u00edas del a\u00f1o. En lugar de gastar tu tiempo en tareas que no te ayudan a crecer, aprovecha la oportunidad de crear tu primera m\u00e1quina de ventas en el Internet y dale un impulso a tu negocio llegando a m\u00e1s clientes y creando una clientela fiel. &nbsp;<\/p>\n\n\n\n<div class=\"wp-block-buttons is-content-justification-center is-layout-flex wp-container-core-buttons-is-layout-a89b3969 wp-block-buttons-is-layout-flex\">\n<div class=\"wp-block-button\"><a class=\"wp-block-button__link wp-element-button\" href=\"#subs\">Subscr\u00edbete hoy por solo $99.00 \/ anuales<\/a><\/div>\n<\/div>\n\n\n\n<hr class=\"wp-block-separator has-alpha-channel-opacity\"\/>\n\n\n\n<p class=\"has-normal-font-size\" style=\"padding-right:var(--wp--preset--spacing--20);padding-left:var(--wp--preset--spacing--20)\"><strong>No tendr\u00e1s que preocuparte por nada<\/strong>, el programa cubre todos los aspectos para que puedas tener tu sitio web, el registro del nombre, el servicio de hospeder\u00eda, la cuenta de correo electr\u00f3nico corporativa, una garant\u00eda inigualable (0 riesgos), que te permite cancelar el servicio en cualquier momento por cualquier raz\u00f3n,  adem\u00e1s de todos los siguientes beneficios: <\/p>\n\n\n\n<div class=\"wp-block-columns is-layout-flex wp-container-core-columns-is-layout-28f84493 wp-block-columns-is-layout-flex\">\n<div class=\"wp-block-column is-layout-flow wp-block-column-is-layout-flow\">\n<ul class=\"wp-block-list\">\n<li><strong>Obt\u00e9n una presencia en l\u00ednea profesional<\/strong> y atractiva que mejore la imagen de tu marca y atraiga a nuevos clientes.<\/li>\n\n\n\n<li class=\"has-normal-font-size\"><strong>Tendr\u00e1s una forma de contacto<\/strong> para que puedas aclarar dudas de tus clientes y prospectos en cualquier momento, los 365 d\u00edas del a\u00f1o y crees una base de datos para un mejor seguimiento y gesti\u00f3n de tus ventas.<\/li>\n\n\n\n<li><strong>Optimizaremos tu informaci\u00f3n<\/strong> para adaptarla a un mensaje claro de ventas de creaci\u00f3n de valor.<\/li>\n\n\n\n<li><strong>Garant\u00eda 0 riesgos. <\/strong>Cancela en cualquier momento por cualquier raz\u00f3n. \u00bfResult\u00f3 ser que no es lo que esperabas? Cancela en o antes de 30 d\u00edas para una devoluci\u00f3n completa. <\/li>\n<\/ul>\n<\/div>\n\n\n\n<div class=\"wp-block-column is-layout-flow wp-block-column-is-layout-flow\">\n<ul class=\"wp-block-list\">\n<li class=\"has-normal-font-size\"><strong>Simplificaremos el proceso<\/strong> por el cual puedes tener una p\u00e1gina web, para que no tengas que lidiar con las complicaciones tecnol\u00f3gicas.<\/li>\n\n\n\n<li><strong>Contar\u00e1s con respaldo t\u00e9cnico <\/strong>para resolver cualquier problema o duda t\u00e9cnica en el horario 7am-4pm (AST), con posibilidad de extender el servicio 24&#215;7.<\/li>\n\n\n\n<li><strong>Crearemos un flujo en la p\u00e1gina web <\/strong>con tu producto o servicio para generar oportunidades de ventas.<\/li>\n\n\n\n<li><strong>Enfoque en simplicidad: <\/strong>De todos tus productos o servicios elige un solo producto o servicio, el m\u00e1s popular y ese lo integraremos a tu p\u00e1gina web.<\/li>\n<\/ul>\n<\/div>\n<\/div>\n\n\n\n<hr class=\"wp-block-separator has-alpha-channel-opacity\"\/>\n\n\n\n<h4 class=\"wp-block-heading\" id=\"subs\" style=\"padding-right:var(--wp--preset--spacing--20);padding-left:var(--wp--preset--spacing--20)\">Subscr\u00edbete hoy seguramente utilizando Paypal y lleva tu negocio a un pr\u00f3ximo nivel: <\/h4>\n\n\n\n<div id=\"paypal-button-container-P-8W452355PG292483GMTYMIZY\"><\/div>\n<script src=\"https:\/\/www.paypal.com\/sdk\/js?client-id=AZJ9qgc38tHMQSK_aJiAi8hvxGwmmod7JuNsOV8AC5kmQ-GrcgKr3X6oJ3pwalIO5Bul7JIUftJ-fc3k&#038;vault=true&#038;intent=subscription\" data-sdk-integration-source=\"button-factory\"><\/script>\n<script>\n  paypal.Buttons({\n      style: {\n          shape: 'rect',\n          color: 'silver',\n          layout: 'vertical',\n          label: 'subscribe'\n      },\n      createSubscription: function(data, actions) {\n        return actions.subscription.create({\n          \/* Creates the subscription *\/\n          plan_id: 'P-8W452355PG292483GMTYMIZY'\n        });\n      },\n      onApprove: function(data, actions) {\n        alert(data.subscriptionID); \/\/ You can add optional success message for the subscriber here\n      }\n  }).render('#paypal-button-container-P-8W452355PG292483GMTYMIZY'); \/\/ Renders the PayPal button\n<\/script>\n\n\n\n<figure class=\"wp-block-image aligncenter size-full is-resized\"><img data-recalc-dims=\"1\" decoding=\"async\" src=\"https:\/\/i0.wp.com\/creceelnegocio.com\/wp-content\/uploads\/2023\/08\/30dayswarranty.jpg?resize=146%2C111\" alt=\"\" class=\"wp-image-852\" style=\"width:146px;height:111px\" width=\"146\" height=\"111\" srcset=\"https:\/\/i0.wp.com\/www.creceelnegocio.com\/wp-content\/uploads\/2023\/08\/30dayswarranty.jpg?w=1000&amp;ssl=1 1000w, https:\/\/i0.wp.com\/www.creceelnegocio.com\/wp-content\/uploads\/2023\/08\/30dayswarranty.jpg?resize=300%2C228&amp;ssl=1 300w, https:\/\/i0.wp.com\/www.creceelnegocio.com\/wp-content\/uploads\/2023\/08\/30dayswarranty.jpg?resize=768%2C584&amp;ssl=1 768w\" sizes=\"(max-width: 146px) 100vw, 146px\" \/><\/figure>","protected":false},"excerpt":{"rendered":"<p>Si est\u00e1s iniciando un negocio y el costo de una p\u00e1gina web te est\u00e1 impidiendo [&hellip;]<\/p>\n","protected":false},"author":1,"featured_media":0,"parent":0,"menu_order":0,"comment_status":"closed","ping_status":"closed","template":"page-no-title","meta":{"om_disable_all_campaigns":false,"footnotes":""},"class_list":["post-835","page","type-page","status-publish","hentry"],"yoast_head":"<!-- This site is optimized with the Yoast SEO plugin v27.4 - https:\/\/yoast.com\/product\/yoast-seo-wordpress\/ -->\n<title>La M\u00e1quina perfecta de Ventas en el Internet, para que inicies tu negocio o la traves\u00eda de llevar tu negocio actual a la Internet. - CreceElnegocio.com<\/title>\n<meta name=\"description\" content=\"Si est\u00e1s iniciando un negocio y el costo de una p\u00e1gina web te est\u00e1 impidiendo tener una, el programa Incubator OneSellWeb es para ti. Bajo este programa te ayudaremos a crear y registrar todo lo necesario para que puedas tener tu p\u00e1gina web y puedas llegar a una audiencia m\u00e1s amplia, generar leads y ofrecer tu producto m\u00e1s popular de la manera m\u00e1s efectiva, las 24 horas del d\u00eda y los 365 d\u00edas del a\u00f1o. En lugar de gastar tu tiempo en tareas que no te ayudan a crecer, aprovecha la oportunidad de crear tu primera m\u00e1quina de ventas en el Internet y dale un impulso a tu negocio llegando a m\u00e1s clientes y creando una clientela fiel.\" \/>\n<meta name=\"robots\" content=\"index, follow, max-snippet:-1, max-image-preview:large, max-video-preview:-1\" \/>\n<link rel=\"canonical\" href=\"https:\/\/www.creceelnegocio.com\/en\/incubator-onesellweb\/\" \/>\n<meta property=\"og:locale\" content=\"en_US\" \/>\n<meta property=\"og:type\" content=\"article\" \/>\n<meta property=\"og:title\" content=\"Si el costo de una p\u00e1gina web te est\u00e1 impidiendo tener una, tenemos La M\u00e1quina perfecta de Ventas en el Internet, para que inicies tu negocio o la traves\u00eda de llevar tu negocio actual a la Internet.\" \/>\n<meta property=\"og:description\" content=\"Si el costo de una p\u00e1gina web te est\u00e1 impidiendo tener una y est\u00e1s iniciando un negocio, el programa Incubator OneSellWeb es para ti. Bajo este programa te ayudaremos a crear y registrar todo lo necesario para que puedas tener tu p\u00e1gina web y puedas llegar a una audiencia m\u00e1s amplia, generar leads y ofrecer tu producto m\u00e1s popular de la manera m\u00e1s efectiva, las 24 horas del d\u00eda y los 365 d\u00edas del a\u00f1o. En lugar de gastar tu tiempo en tareas que no te ayudan a crecer, aprovecha la oportunidad de crear tu primera m\u00e1quina de ventas en el Internet y dale un impulso a tu negocio llegando a m\u00e1s clientes y creando una clientela fiel.\" \/>\n<meta property=\"og:url\" content=\"https:\/\/www.creceelnegocio.com\/en\/incubator-onesellweb\/\" \/>\n<meta property=\"og:site_name\" content=\"CreceElnegocio.com\" \/>\n<meta property=\"article:publisher\" content=\"https:\/\/www.facebook.com\/coachjenkos\/\" \/>\n<meta property=\"article:modified_time\" content=\"2023-09-07T11:48:52+00:00\" \/>\n<meta property=\"og:image\" content=\"https:\/\/i0.wp.com\/www.creceelnegocio.com\/wp-content\/uploads\/2023\/09\/costosaPaginaWEb3.png?fit=1200%2C630&ssl=1\" \/>\n\t<meta property=\"og:image:width\" content=\"1200\" \/>\n\t<meta property=\"og:image:height\" content=\"630\" \/>\n\t<meta property=\"og:image:type\" content=\"image\/png\" \/>\n<meta name=\"twitter:card\" content=\"summary_large_image\" \/>\n<meta name=\"twitter:title\" content=\"Si el costo de una p\u00e1gina web te est\u00e1 impidiendo tener una, tenemos La M\u00e1quina perfecta de Ventas en el Internet, para que inicies tu negocio o la traves\u00eda de llevar tu negocio actual a la Internet.\" \/>\n<meta name=\"twitter:description\" content=\"Si el costo de una p\u00e1gina web te est\u00e1 impidiendo tener una y est\u00e1s iniciando un negocio, el programa Incubator OneSellWeb es para ti. Bajo este programa te ayudaremos a crear y registrar todo lo necesario para que puedas tener tu p\u00e1gina web y puedas llegar a una audiencia m\u00e1s amplia, generar leads y ofrecer tu producto m\u00e1s popular de la manera m\u00e1s efectiva, las 24 horas del d\u00eda y los 365 d\u00edas del a\u00f1o. En lugar de gastar tu tiempo en tareas que no te ayudan a crecer, aprovecha la oportunidad de crear tu primera m\u00e1quina de ventas en el Internet y dale un impulso a tu negocio llegando a m\u00e1s clientes y creando una clientela fiel.\" \/>\n<meta name=\"twitter:image\" content=\"https:\/\/i0.wp.com\/www.creceelnegocio.com\/wp-content\/uploads\/2023\/09\/costosaPaginaWEb3.png?fit=1200%2C630&ssl=1\" \/>\n<meta name=\"twitter:site\" content=\"@coachjenkos\" \/>\n<meta name=\"twitter:label1\" content=\"Est. reading time\" \/>\n\t<meta name=\"twitter:data1\" content=\"3 minutes\" \/>\n<script type=\"application\/ld+json\" class=\"yoast-schema-graph\">{\"@context\":\"https:\\\/\\\/schema.org\",\"@graph\":[{\"@type\":\"WebPage\",\"@id\":\"https:\\\/\\\/www.creceelnegocio.com\\\/incubator-onesellweb\\\/\",\"url\":\"https:\\\/\\\/www.creceelnegocio.com\\\/incubator-onesellweb\\\/\",\"name\":\"La M\u00e1quina perfecta de Ventas en el Internet, para que inicies tu negocio o la traves\u00eda de llevar tu negocio actual a la Internet. - CreceElnegocio.com\",\"isPartOf\":{\"@id\":\"https:\\\/\\\/www.creceelnegocio.com\\\/#website\"},\"primaryImageOfPage\":{\"@id\":\"https:\\\/\\\/www.creceelnegocio.com\\\/incubator-onesellweb\\\/#primaryimage\"},\"image\":{\"@id\":\"https:\\\/\\\/www.creceelnegocio.com\\\/incubator-onesellweb\\\/#primaryimage\"},\"thumbnailUrl\":\"http:\\\/\\\/creceelnegocio.com\\\/wp-content\\\/uploads\\\/2023\\\/08\\\/pexels-pixabay-39284.jpg\",\"datePublished\":\"2023-08-31T19:18:35+00:00\",\"dateModified\":\"2023-09-07T11:48:52+00:00\",\"description\":\"Si est\u00e1s iniciando un negocio y el costo de una p\u00e1gina web te est\u00e1 impidiendo tener una, el programa Incubator OneSellWeb es para ti. Bajo este programa te ayudaremos a crear y registrar todo lo necesario para que puedas tener tu p\u00e1gina web y puedas llegar a una audiencia m\u00e1s amplia, generar leads y ofrecer tu producto m\u00e1s popular de la manera m\u00e1s efectiva, las 24 horas del d\u00eda y los 365 d\u00edas del a\u00f1o. En lugar de gastar tu tiempo en tareas que no te ayudan a crecer, aprovecha la oportunidad de crear tu primera m\u00e1quina de ventas en el Internet y dale un impulso a tu negocio llegando a m\u00e1s clientes y creando una clientela fiel.\",\"breadcrumb\":{\"@id\":\"https:\\\/\\\/www.creceelnegocio.com\\\/incubator-onesellweb\\\/#breadcrumb\"},\"inLanguage\":\"en-US\",\"potentialAction\":[{\"@type\":\"ReadAction\",\"target\":[\"https:\\\/\\\/www.creceelnegocio.com\\\/incubator-onesellweb\\\/\"]}]},{\"@type\":\"ImageObject\",\"inLanguage\":\"en-US\",\"@id\":\"https:\\\/\\\/www.creceelnegocio.com\\\/incubator-onesellweb\\\/#primaryimage\",\"url\":\"http:\\\/\\\/creceelnegocio.com\\\/wp-content\\\/uploads\\\/2023\\\/08\\\/pexels-pixabay-39284.jpg\",\"contentUrl\":\"http:\\\/\\\/creceelnegocio.com\\\/wp-content\\\/uploads\\\/2023\\\/08\\\/pexels-pixabay-39284.jpg\"},{\"@type\":\"BreadcrumbList\",\"@id\":\"https:\\\/\\\/www.creceelnegocio.com\\\/incubator-onesellweb\\\/#breadcrumb\",\"itemListElement\":[{\"@type\":\"ListItem\",\"position\":1,\"name\":\"Home\",\"item\":\"https:\\\/\\\/www.creceelnegocio.com\\\/\"},{\"@type\":\"ListItem\",\"position\":2,\"name\":\"Incubator OneSellWeb\"}]},{\"@type\":\"WebSite\",\"@id\":\"https:\\\/\\\/www.creceelnegocio.com\\\/#website\",\"url\":\"https:\\\/\\\/www.creceelnegocio.com\\\/\",\"name\":\"CreceElnegocio.com\",\"description\":\"Trabaja para que tu negocio trabaje para ti y no al rev\u00e9s.\",\"potentialAction\":[{\"@type\":\"SearchAction\",\"target\":{\"@type\":\"EntryPoint\",\"urlTemplate\":\"https:\\\/\\\/www.creceelnegocio.com\\\/?s={search_term_string}\"},\"query-input\":{\"@type\":\"PropertyValueSpecification\",\"valueRequired\":true,\"valueName\":\"search_term_string\"}}],\"inLanguage\":\"en-US\"}]}<\/script>\n<!-- \/ Yoast SEO plugin. -->","yoast_head_json":{"title":"La M\u00e1quina perfecta de Ventas en el Internet, para que inicies tu negocio o la traves\u00eda de llevar tu negocio actual a la Internet. - CreceElnegocio.com","description":"Si est\u00e1s iniciando un negocio y el costo de una p\u00e1gina web te est\u00e1 impidiendo tener una, el programa Incubator OneSellWeb es para ti. Bajo este programa te ayudaremos a crear y registrar todo lo necesario para que puedas tener tu p\u00e1gina web y puedas llegar a una audiencia m\u00e1s amplia, generar leads y ofrecer tu producto m\u00e1s popular de la manera m\u00e1s efectiva, las 24 horas del d\u00eda y los 365 d\u00edas del a\u00f1o. En lugar de gastar tu tiempo en tareas que no te ayudan a crecer, aprovecha la oportunidad de crear tu primera m\u00e1quina de ventas en el Internet y dale un impulso a tu negocio llegando a m\u00e1s clientes y creando una clientela fiel.","robots":{"index":"index","follow":"follow","max-snippet":"max-snippet:-1","max-image-preview":"max-image-preview:large","max-video-preview":"max-video-preview:-1"},"canonical":"https:\/\/www.creceelnegocio.com\/en\/incubator-onesellweb\/","og_locale":"en_US","og_type":"article","og_title":"Si el costo de una p\u00e1gina web te est\u00e1 impidiendo tener una, tenemos La M\u00e1quina perfecta de Ventas en el Internet, para que inicies tu negocio o la traves\u00eda de llevar tu negocio actual a la Internet.","og_description":"Si el costo de una p\u00e1gina web te est\u00e1 impidiendo tener una y est\u00e1s iniciando un negocio, el programa Incubator OneSellWeb es para ti. Bajo este programa te ayudaremos a crear y registrar todo lo necesario para que puedas tener tu p\u00e1gina web y puedas llegar a una audiencia m\u00e1s amplia, generar leads y ofrecer tu producto m\u00e1s popular de la manera m\u00e1s efectiva, las 24 horas del d\u00eda y los 365 d\u00edas del a\u00f1o. En lugar de gastar tu tiempo en tareas que no te ayudan a crecer, aprovecha la oportunidad de crear tu primera m\u00e1quina de ventas en el Internet y dale un impulso a tu negocio llegando a m\u00e1s clientes y creando una clientela fiel.","og_url":"https:\/\/www.creceelnegocio.com\/en\/incubator-onesellweb\/","og_site_name":"CreceElnegocio.com","article_publisher":"https:\/\/www.facebook.com\/coachjenkos\/","article_modified_time":"2023-09-07T11:48:52+00:00","og_image":[{"width":1200,"height":630,"url":"https:\/\/i0.wp.com\/www.creceelnegocio.com\/wp-content\/uploads\/2023\/09\/costosaPaginaWEb3.png?fit=1200%2C630&ssl=1","type":"image\/png"}],"twitter_card":"summary_large_image","twitter_title":"Si el costo de una p\u00e1gina web te est\u00e1 impidiendo tener una, tenemos La M\u00e1quina perfecta de Ventas en el Internet, para que inicies tu negocio o la traves\u00eda de llevar tu negocio actual a la Internet.","twitter_description":"Si el costo de una p\u00e1gina web te est\u00e1 impidiendo tener una y est\u00e1s iniciando un negocio, el programa Incubator OneSellWeb es para ti. Bajo este programa te ayudaremos a crear y registrar todo lo necesario para que puedas tener tu p\u00e1gina web y puedas llegar a una audiencia m\u00e1s amplia, generar leads y ofrecer tu producto m\u00e1s popular de la manera m\u00e1s efectiva, las 24 horas del d\u00eda y los 365 d\u00edas del a\u00f1o. En lugar de gastar tu tiempo en tareas que no te ayudan a crecer, aprovecha la oportunidad de crear tu primera m\u00e1quina de ventas en el Internet y dale un impulso a tu negocio llegando a m\u00e1s clientes y creando una clientela fiel.","twitter_image":"https:\/\/i0.wp.com\/www.creceelnegocio.com\/wp-content\/uploads\/2023\/09\/costosaPaginaWEb3.png?fit=1200%2C630&ssl=1","twitter_site":"@coachjenkos","twitter_misc":{"Est. reading time":"3 minutes"},"schema":{"@context":"https:\/\/schema.org","@graph":[{"@type":"WebPage","@id":"https:\/\/www.creceelnegocio.com\/incubator-onesellweb\/","url":"https:\/\/www.creceelnegocio.com\/incubator-onesellweb\/","name":"La M\u00e1quina perfecta de Ventas en el Internet, para que inicies tu negocio o la traves\u00eda de llevar tu negocio actual a la Internet. - CreceElnegocio.com","isPartOf":{"@id":"https:\/\/www.creceelnegocio.com\/#website"},"primaryImageOfPage":{"@id":"https:\/\/www.creceelnegocio.com\/incubator-onesellweb\/#primaryimage"},"image":{"@id":"https:\/\/www.creceelnegocio.com\/incubator-onesellweb\/#primaryimage"},"thumbnailUrl":"http:\/\/creceelnegocio.com\/wp-content\/uploads\/2023\/08\/pexels-pixabay-39284.jpg","datePublished":"2023-08-31T19:18:35+00:00","dateModified":"2023-09-07T11:48:52+00:00","description":"Si est\u00e1s iniciando un negocio y el costo de una p\u00e1gina web te est\u00e1 impidiendo tener una, el programa Incubator OneSellWeb es para ti. Bajo este programa te ayudaremos a crear y registrar todo lo necesario para que puedas tener tu p\u00e1gina web y puedas llegar a una audiencia m\u00e1s amplia, generar leads y ofrecer tu producto m\u00e1s popular de la manera m\u00e1s efectiva, las 24 horas del d\u00eda y los 365 d\u00edas del a\u00f1o. En lugar de gastar tu tiempo en tareas que no te ayudan a crecer, aprovecha la oportunidad de crear tu primera m\u00e1quina de ventas en el Internet y dale un impulso a tu negocio llegando a m\u00e1s clientes y creando una clientela fiel.","breadcrumb":{"@id":"https:\/\/www.creceelnegocio.com\/incubator-onesellweb\/#breadcrumb"},"inLanguage":"en-US","potentialAction":[{"@type":"ReadAction","target":["https:\/\/www.creceelnegocio.com\/incubator-onesellweb\/"]}]},{"@type":"ImageObject","inLanguage":"en-US","@id":"https:\/\/www.creceelnegocio.com\/incubator-onesellweb\/#primaryimage","url":"http:\/\/creceelnegocio.com\/wp-content\/uploads\/2023\/08\/pexels-pixabay-39284.jpg","contentUrl":"http:\/\/creceelnegocio.com\/wp-content\/uploads\/2023\/08\/pexels-pixabay-39284.jpg"},{"@type":"BreadcrumbList","@id":"https:\/\/www.creceelnegocio.com\/incubator-onesellweb\/#breadcrumb","itemListElement":[{"@type":"ListItem","position":1,"name":"Home","item":"https:\/\/www.creceelnegocio.com\/"},{"@type":"ListItem","position":2,"name":"Incubator OneSellWeb"}]},{"@type":"WebSite","@id":"https:\/\/www.creceelnegocio.com\/#website","url":"https:\/\/www.creceelnegocio.com\/","name":"CreceElnegocio.com","description":"Trabaja para que tu negocio trabaje para ti y no al rev\u00e9s.","potentialAction":[{"@type":"SearchAction","target":{"@type":"EntryPoint","urlTemplate":"https:\/\/www.creceelnegocio.com\/?s={search_term_string}"},"query-input":{"@type":"PropertyValueSpecification","valueRequired":true,"valueName":"search_term_string"}}],"inLanguage":"en-US"}]}},"jetpack-related-posts":[],"_links":{"self":[{"href":"https:\/\/www.creceelnegocio.com\/en\/wp-json\/wp\/v2\/pages\/835","targetHints":{"allow":["GET"]}}],"collection":[{"href":"https:\/\/www.creceelnegocio.com\/en\/wp-json\/wp\/v2\/pages"}],"about":[{"href":"https:\/\/www.creceelnegocio.com\/en\/wp-json\/wp\/v2\/types\/page"}],"author":[{"embeddable":true,"href":"https:\/\/www.creceelnegocio.com\/en\/wp-json\/wp\/v2\/users\/1"}],"replies":[{"embeddable":true,"href":"https:\/\/www.creceelnegocio.com\/en\/wp-json\/wp\/v2\/comments?post=835"}],"version-history":[{"count":5,"href":"https:\/\/www.creceelnegocio.com\/en\/wp-json\/wp\/v2\/pages\/835\/revisions"}],"predecessor-version":[{"id":910,"href":"https:\/\/www.creceelnegocio.com\/en\/wp-json\/wp\/v2\/pages\/835\/revisions\/910"}],"wp:attachment":[{"href":"https:\/\/www.creceelnegocio.com\/en\/wp-json\/wp\/v2\/media?parent=835"}],"curies":[{"name":"wp","href":"https:\/\/api.w.org\/{rel}","templated":true}]}}