{"id":988,"date":"2024-04-02T20:36:21","date_gmt":"2024-04-03T00:36:21","guid":{"rendered":"http:\/\/creceelnegocio.com\/?page_id=988"},"modified":"2024-04-02T20:54:57","modified_gmt":"2024-04-03T00:54:57","slug":"tu-puedes-y-por-que-no-hoy-libros-para-el-minds","status":"publish","type":"page","link":"https:\/\/www.creceelnegocio.com\/en\/tu-puedes-y-por-que-no-hoy-libros-para-el-minds\/","title":{"rendered":"Books"},"content":{"rendered":"<p style=\"font-size:20px\">La raz\u00f3n principal para el estancamiento, personal, profesional y empresarial, es la mentalidad o como se dice en ingl\u00e9s, &#8220;<em><strong>mindset<\/strong><\/em>&#8220;. Estos dos libros te ayudar\u00e1n a mejorar tu mentalidad y superar el estancamiento. \u00a1Adqui\u00e9relos hoy seleccionando la imagen!<\/p>\n\n\n\n<figure class=\"wp-block-gallery has-nested-images columns-default is-cropped wp-block-gallery-1 is-layout-flex wp-block-gallery-is-layout-flex\">\n<figure class=\"wp-block-image size-large\"><a href=\"https:\/\/jenkosllc.com\/goto.php?dst=8wuxs&amp;cid=x41pb\"><img data-recalc-dims=\"1\" fetchpriority=\"high\" decoding=\"async\" width=\"310\" height=\"466\" data-id=\"991\" src=\"https:\/\/i0.wp.com\/creceelnegocio.com\/wp-content\/uploads\/2024\/04\/Tu-puedes-1.jpg?resize=310%2C466\" alt=\"\" class=\"wp-image-991\" srcset=\"https:\/\/i0.wp.com\/www.creceelnegocio.com\/wp-content\/uploads\/2024\/04\/Tu-puedes-1.jpg?w=310&amp;ssl=1 310w, https:\/\/i0.wp.com\/www.creceelnegocio.com\/wp-content\/uploads\/2024\/04\/Tu-puedes-1.jpg?resize=200%2C300&amp;ssl=1 200w\" sizes=\"(max-width: 310px) 100vw, 310px\" \/><\/a><\/figure>\n\n\n\n<figure class=\"wp-block-image size-large\"><a href=\"https:\/\/jenkosllc.com\/goto.php?dst=qc6s3&amp;cid=x41pb\"><img data-recalc-dims=\"1\" decoding=\"async\" width=\"637\" height=\"1024\" data-id=\"992\" src=\"https:\/\/i0.wp.com\/creceelnegocio.com\/wp-content\/uploads\/2024\/04\/y-por-que-no-hoy-637x1024.jpg?resize=637%2C1024\" alt=\"\" class=\"wp-image-992\" srcset=\"https:\/\/i0.wp.com\/www.creceelnegocio.com\/wp-content\/uploads\/2024\/04\/y-por-que-no-hoy.jpg?resize=637%2C1024&amp;ssl=1 637w, https:\/\/i0.wp.com\/www.creceelnegocio.com\/wp-content\/uploads\/2024\/04\/y-por-que-no-hoy.jpg?resize=187%2C300&amp;ssl=1 187w, https:\/\/i0.wp.com\/www.creceelnegocio.com\/wp-content\/uploads\/2024\/04\/y-por-que-no-hoy.jpg?resize=768%2C1235&amp;ssl=1 768w, https:\/\/i0.wp.com\/www.creceelnegocio.com\/wp-content\/uploads\/2024\/04\/y-por-que-no-hoy.jpg?resize=600%2C965&amp;ssl=1 600w, https:\/\/i0.wp.com\/www.creceelnegocio.com\/wp-content\/uploads\/2024\/04\/y-por-que-no-hoy.jpg?w=933&amp;ssl=1 933w\" sizes=\"(max-width: 637px) 100vw, 637px\" \/><\/a><\/figure>\n<\/figure>","protected":false},"excerpt":{"rendered":"<p>La raz\u00f3n principal para el estancamiento, personal, profesional y empresarial, es la mentalidad o como [&hellip;]<\/p>\n","protected":false},"author":1,"featured_media":0,"parent":0,"menu_order":0,"comment_status":"closed","ping_status":"closed","template":"page-no-title","meta":{"om_disable_all_campaigns":false,"footnotes":""},"class_list":["post-988","page","type-page","status-publish","hentry"],"yoast_head":"<!-- This site is optimized with the Yoast SEO plugin v27.4 - https:\/\/yoast.com\/product\/yoast-seo-wordpress\/ -->\n<title>Libros - CreceElnegocio.com<\/title>\n<meta name=\"description\" content=\"La raz\u00f3n principal para el estancamiento, personal, profesional y empresarial, es la mentalidad o como se dice en ingl\u00e9s, &quot;mindset&quot;. Estos dos libros te ayudar\u00e1n a mejorar tu mentalidad y superar el estancamiento. \u00a1Adqui\u00e9relos hoy seleccionando la imagen!\" \/>\n<meta name=\"robots\" content=\"index, follow, max-snippet:-1, max-image-preview:large, max-video-preview:-1\" \/>\n<link rel=\"canonical\" href=\"https:\/\/www.creceelnegocio.com\/en\/tu-puedes-y-por-que-no-hoy-libros-para-el-minds\/\" \/>\n<meta property=\"og:locale\" content=\"en_US\" \/>\n<meta property=\"og:type\" content=\"article\" \/>\n<meta property=\"og:title\" content=\"Tu puedes y Por que no hoy, libros para el Mindset\" \/>\n<meta property=\"og:description\" content=\"La raz\u00f3n principal para el estancamiento, personal, profesional y empresarial, es la mentalidad o como se dice en ingl\u00e9s, &quot;mindset&quot;. Estos dos libros te ayudar\u00e1n a mejorar tu mentalidad y superar el estancamiento. \u00a1Adqui\u00e9relos hoy seleccionando la imagen!\" \/>\n<meta property=\"og:url\" content=\"https:\/\/www.creceelnegocio.com\/en\/tu-puedes-y-por-que-no-hoy-libros-para-el-minds\/\" \/>\n<meta property=\"og:site_name\" content=\"CreceElnegocio.com\" \/>\n<meta property=\"article:publisher\" content=\"https:\/\/www.facebook.com\/coachjenkos\/\" \/>\n<meta property=\"article:modified_time\" content=\"2024-04-03T00:54:57+00:00\" \/>\n<meta property=\"og:image\" content=\"http:\/\/creceelnegocio.com\/wp-content\/uploads\/2024\/04\/Tu-puedes-1.jpg\" \/>\n<meta name=\"twitter:card\" content=\"summary_large_image\" \/>\n<meta name=\"twitter:title\" content=\"Tu puedes y Por que no hoy, libros para el Mindset\" \/>\n<meta name=\"twitter:description\" content=\"La raz\u00f3n principal para el estancamiento, personal, profesional y empresarial, es la mentalidad o como se dice en ingl\u00e9s, &quot;mindset&quot;. Estos dos libros te ayudar\u00e1n a mejorar tu mentalidad y superar el estancamiento. \u00a1Adqui\u00e9relos hoy seleccionando la imagen!\" \/>\n<meta name=\"twitter:site\" content=\"@coachjenkos\" \/>\n<meta name=\"twitter:label1\" content=\"Est. reading time\" \/>\n\t<meta name=\"twitter:data1\" content=\"1 minute\" \/>\n<script type=\"application\/ld+json\" class=\"yoast-schema-graph\">{\"@context\":\"https:\\\/\\\/schema.org\",\"@graph\":[{\"@type\":\"WebPage\",\"@id\":\"https:\\\/\\\/www.creceelnegocio.com\\\/tu-puedes-y-por-que-no-hoy-libros-para-el-minds\\\/\",\"url\":\"https:\\\/\\\/www.creceelnegocio.com\\\/tu-puedes-y-por-que-no-hoy-libros-para-el-minds\\\/\",\"name\":\"Libros - CreceElnegocio.com\",\"isPartOf\":{\"@id\":\"https:\\\/\\\/www.creceelnegocio.com\\\/#website\"},\"primaryImageOfPage\":{\"@id\":\"https:\\\/\\\/www.creceelnegocio.com\\\/tu-puedes-y-por-que-no-hoy-libros-para-el-minds\\\/#primaryimage\"},\"image\":{\"@id\":\"https:\\\/\\\/www.creceelnegocio.com\\\/tu-puedes-y-por-que-no-hoy-libros-para-el-minds\\\/#primaryimage\"},\"thumbnailUrl\":\"http:\\\/\\\/creceelnegocio.com\\\/wp-content\\\/uploads\\\/2024\\\/04\\\/Tu-puedes-1.jpg\",\"datePublished\":\"2024-04-03T00:36:21+00:00\",\"dateModified\":\"2024-04-03T00:54:57+00:00\",\"description\":\"La raz\u00f3n principal para el estancamiento, personal, profesional y empresarial, es la mentalidad o como se dice en ingl\u00e9s, \\\"mindset\\\". Estos dos libros te ayudar\u00e1n a mejorar tu mentalidad y superar el estancamiento. \u00a1Adqui\u00e9relos hoy seleccionando la imagen!\",\"breadcrumb\":{\"@id\":\"https:\\\/\\\/www.creceelnegocio.com\\\/tu-puedes-y-por-que-no-hoy-libros-para-el-minds\\\/#breadcrumb\"},\"inLanguage\":\"en-US\",\"potentialAction\":[{\"@type\":\"ReadAction\",\"target\":[\"https:\\\/\\\/www.creceelnegocio.com\\\/tu-puedes-y-por-que-no-hoy-libros-para-el-minds\\\/\"]}]},{\"@type\":\"ImageObject\",\"inLanguage\":\"en-US\",\"@id\":\"https:\\\/\\\/www.creceelnegocio.com\\\/tu-puedes-y-por-que-no-hoy-libros-para-el-minds\\\/#primaryimage\",\"url\":\"http:\\\/\\\/creceelnegocio.com\\\/wp-content\\\/uploads\\\/2024\\\/04\\\/Tu-puedes-1.jpg\",\"contentUrl\":\"http:\\\/\\\/creceelnegocio.com\\\/wp-content\\\/uploads\\\/2024\\\/04\\\/Tu-puedes-1.jpg\"},{\"@type\":\"BreadcrumbList\",\"@id\":\"https:\\\/\\\/www.creceelnegocio.com\\\/tu-puedes-y-por-que-no-hoy-libros-para-el-minds\\\/#breadcrumb\",\"itemListElement\":[{\"@type\":\"ListItem\",\"position\":1,\"name\":\"Home\",\"item\":\"https:\\\/\\\/www.creceelnegocio.com\\\/\"},{\"@type\":\"ListItem\",\"position\":2,\"name\":\"Libros\"}]},{\"@type\":\"WebSite\",\"@id\":\"https:\\\/\\\/www.creceelnegocio.com\\\/#website\",\"url\":\"https:\\\/\\\/www.creceelnegocio.com\\\/\",\"name\":\"CreceElnegocio.com\",\"description\":\"Trabaja para que tu negocio trabaje para ti y no al rev\u00e9s.\",\"potentialAction\":[{\"@type\":\"SearchAction\",\"target\":{\"@type\":\"EntryPoint\",\"urlTemplate\":\"https:\\\/\\\/www.creceelnegocio.com\\\/?s={search_term_string}\"},\"query-input\":{\"@type\":\"PropertyValueSpecification\",\"valueRequired\":true,\"valueName\":\"search_term_string\"}}],\"inLanguage\":\"en-US\"}]}<\/script>\n<!-- \/ Yoast SEO plugin. -->","yoast_head_json":{"title":"Libros - CreceElnegocio.com","description":"La raz\u00f3n principal para el estancamiento, personal, profesional y empresarial, es la mentalidad o como se dice en ingl\u00e9s, \"mindset\". Estos dos libros te ayudar\u00e1n a mejorar tu mentalidad y superar el estancamiento. \u00a1Adqui\u00e9relos hoy seleccionando la imagen!","robots":{"index":"index","follow":"follow","max-snippet":"max-snippet:-1","max-image-preview":"max-image-preview:large","max-video-preview":"max-video-preview:-1"},"canonical":"https:\/\/www.creceelnegocio.com\/en\/tu-puedes-y-por-que-no-hoy-libros-para-el-minds\/","og_locale":"en_US","og_type":"article","og_title":"Tu puedes y Por que no hoy, libros para el Mindset","og_description":"La raz\u00f3n principal para el estancamiento, personal, profesional y empresarial, es la mentalidad o como se dice en ingl\u00e9s, \"mindset\". Estos dos libros te ayudar\u00e1n a mejorar tu mentalidad y superar el estancamiento. \u00a1Adqui\u00e9relos hoy seleccionando la imagen!","og_url":"https:\/\/www.creceelnegocio.com\/en\/tu-puedes-y-por-que-no-hoy-libros-para-el-minds\/","og_site_name":"CreceElnegocio.com","article_publisher":"https:\/\/www.facebook.com\/coachjenkos\/","article_modified_time":"2024-04-03T00:54:57+00:00","og_image":[{"url":"http:\/\/creceelnegocio.com\/wp-content\/uploads\/2024\/04\/Tu-puedes-1.jpg","type":"","width":"","height":""}],"twitter_card":"summary_large_image","twitter_title":"Tu puedes y Por que no hoy, libros para el Mindset","twitter_description":"La raz\u00f3n principal para el estancamiento, personal, profesional y empresarial, es la mentalidad o como se dice en ingl\u00e9s, \"mindset\". Estos dos libros te ayudar\u00e1n a mejorar tu mentalidad y superar el estancamiento. \u00a1Adqui\u00e9relos hoy seleccionando la imagen!","twitter_site":"@coachjenkos","twitter_misc":{"Est. reading time":"1 minute"},"schema":{"@context":"https:\/\/schema.org","@graph":[{"@type":"WebPage","@id":"https:\/\/www.creceelnegocio.com\/tu-puedes-y-por-que-no-hoy-libros-para-el-minds\/","url":"https:\/\/www.creceelnegocio.com\/tu-puedes-y-por-que-no-hoy-libros-para-el-minds\/","name":"Libros - CreceElnegocio.com","isPartOf":{"@id":"https:\/\/www.creceelnegocio.com\/#website"},"primaryImageOfPage":{"@id":"https:\/\/www.creceelnegocio.com\/tu-puedes-y-por-que-no-hoy-libros-para-el-minds\/#primaryimage"},"image":{"@id":"https:\/\/www.creceelnegocio.com\/tu-puedes-y-por-que-no-hoy-libros-para-el-minds\/#primaryimage"},"thumbnailUrl":"http:\/\/creceelnegocio.com\/wp-content\/uploads\/2024\/04\/Tu-puedes-1.jpg","datePublished":"2024-04-03T00:36:21+00:00","dateModified":"2024-04-03T00:54:57+00:00","description":"La raz\u00f3n principal para el estancamiento, personal, profesional y empresarial, es la mentalidad o como se dice en ingl\u00e9s, \"mindset\". Estos dos libros te ayudar\u00e1n a mejorar tu mentalidad y superar el estancamiento. \u00a1Adqui\u00e9relos hoy seleccionando la imagen!","breadcrumb":{"@id":"https:\/\/www.creceelnegocio.com\/tu-puedes-y-por-que-no-hoy-libros-para-el-minds\/#breadcrumb"},"inLanguage":"en-US","potentialAction":[{"@type":"ReadAction","target":["https:\/\/www.creceelnegocio.com\/tu-puedes-y-por-que-no-hoy-libros-para-el-minds\/"]}]},{"@type":"ImageObject","inLanguage":"en-US","@id":"https:\/\/www.creceelnegocio.com\/tu-puedes-y-por-que-no-hoy-libros-para-el-minds\/#primaryimage","url":"http:\/\/creceelnegocio.com\/wp-content\/uploads\/2024\/04\/Tu-puedes-1.jpg","contentUrl":"http:\/\/creceelnegocio.com\/wp-content\/uploads\/2024\/04\/Tu-puedes-1.jpg"},{"@type":"BreadcrumbList","@id":"https:\/\/www.creceelnegocio.com\/tu-puedes-y-por-que-no-hoy-libros-para-el-minds\/#breadcrumb","itemListElement":[{"@type":"ListItem","position":1,"name":"Home","item":"https:\/\/www.creceelnegocio.com\/"},{"@type":"ListItem","position":2,"name":"Libros"}]},{"@type":"WebSite","@id":"https:\/\/www.creceelnegocio.com\/#website","url":"https:\/\/www.creceelnegocio.com\/","name":"CreceElnegocio.com","description":"Trabaja para que tu negocio trabaje para ti y no al rev\u00e9s.","potentialAction":[{"@type":"SearchAction","target":{"@type":"EntryPoint","urlTemplate":"https:\/\/www.creceelnegocio.com\/?s={search_term_string}"},"query-input":{"@type":"PropertyValueSpecification","valueRequired":true,"valueName":"search_term_string"}}],"inLanguage":"en-US"}]}},"jetpack-related-posts":[],"_links":{"self":[{"href":"https:\/\/www.creceelnegocio.com\/en\/wp-json\/wp\/v2\/pages\/988","targetHints":{"allow":["GET"]}}],"collection":[{"href":"https:\/\/www.creceelnegocio.com\/en\/wp-json\/wp\/v2\/pages"}],"about":[{"href":"https:\/\/www.creceelnegocio.com\/en\/wp-json\/wp\/v2\/types\/page"}],"author":[{"embeddable":true,"href":"https:\/\/www.creceelnegocio.com\/en\/wp-json\/wp\/v2\/users\/1"}],"replies":[{"embeddable":true,"href":"https:\/\/www.creceelnegocio.com\/en\/wp-json\/wp\/v2\/comments?post=988"}],"version-history":[{"count":3,"href":"https:\/\/www.creceelnegocio.com\/en\/wp-json\/wp\/v2\/pages\/988\/revisions"}],"predecessor-version":[{"id":996,"href":"https:\/\/www.creceelnegocio.com\/en\/wp-json\/wp\/v2\/pages\/988\/revisions\/996"}],"wp:attachment":[{"href":"https:\/\/www.creceelnegocio.com\/en\/wp-json\/wp\/v2\/media?parent=988"}],"curies":[{"name":"wp","href":"https:\/\/api.w.org\/{rel}","templated":true}]}}